{"id":8,"date":"2011-06-12T21:46:12","date_gmt":"2011-06-12T21:46:12","guid":{"rendered":"http:\/\/www.sm.myslowice.pl\/?page_id=7"},"modified":"2011-06-12T21:46:12","modified_gmt":"2011-06-12T21:46:12","slug":"start","status":"publish","type":"page","link":"https:\/\/archiwum.sm.myslowice.pl\/?page_id=8","title":{"rendered":"BIULETYN INFORMACYJNY"},"content":{"rendered":"<p><center><\/p>\n<h3>W kolejnych poddzia\u0142ach mog\u0105 pa\u0144stwo znale\u017a\u0107 wszystkie informacje dotycz\u0105ce struktury oraz akt\u00f3w prawnych b\u0119d\u0105cych podstaw\u0105 do dzia\u0142ania Stra\u017cy Miejskiej w Mys\u0142owicach<\/center><\/p>\n","protected":false},"excerpt":{"rendered":"<p>W kolejnych poddzia\u0142ach mog\u0105 pa\u0144stwo znale\u017a\u0107 wszystkie informacje dotycz\u0105ce struktury oraz akt\u00f3w prawnych b\u0119d\u0105cych podstaw\u0105 do dzia\u0142ania Stra\u017cy Miejskiej w Mys\u0142owicach<\/p>\n","protected":false},"author":1,"featured_media":0,"parent":0,"menu_order":1,"comment_status":"closed","ping_status":"closed","template":"","meta":[],"_links":{"self":[{"href":"https:\/\/archiwum.sm.myslowice.pl\/index.php?rest_route=\/wp\/v2\/pages\/8"}],"collection":[{"href":"https:\/\/archiwum.sm.myslowice.pl\/index.php?rest_route=\/wp\/v2\/pages"}],"about":[{"href":"https:\/\/archiwum.sm.myslowice.pl\/index.php?rest_route=\/wp\/v2\/types\/page"}],"author":[{"embeddable":true,"href":"https:\/\/archiwum.sm.myslowice.pl\/index.php?rest_route=\/wp\/v2\/users\/1"}],"replies":[{"embeddable":true,"href":"https:\/\/archiwum.sm.myslowice.pl\/index.php?rest_route=%2Fwp%2Fv2%2Fcomments&post=8"}],"version-history":[{"count":0,"href":"https:\/\/archiwum.sm.myslowice.pl\/index.php?rest_route=\/wp\/v2\/pages\/8\/revisions"}],"wp:attachment":[{"href":"https:\/\/archiwum.sm.myslowice.pl\/index.php?rest_route=%2Fwp%2Fv2%2Fmedia&parent=8"}],"curies":[{"name":"wp","href":"https:\/\/api.w.org\/{rel}","templated":true}]}}