{"id":76,"date":"2011-06-12T23:07:28","date_gmt":"2011-06-12T23:07:28","guid":{"rendered":"http:\/\/www.sm.myslowice.pl\/?page_id=76"},"modified":"2011-06-12T23:07:28","modified_gmt":"2011-06-12T23:07:28","slug":"mandaty","status":"publish","type":"page","link":"https:\/\/archiwum.sm.myslowice.pl\/?page_id=76","title":{"rendered":"ZWIERZ\u0118TA"},"content":{"rendered":"<h1>Obowi\u0105zki w\u0142a\u015bcicieli<\/h1>\n<hr \/>\n<p style=\"text-align: justify;\">Posiadanie jakiego\u015b zwierz\u0119cia to nie tylko przyjemno\u015b\u0107, ale i zwi\u0105zane z nim obowi\u0105zki, kt\u00f3rych nieprzestrzeganie mo\u017ce rodzi\u0107 r\u00f3\u017cne nast\u0119pstwa prawne, zar\u00f3wno te wynikaj\u0105ce z prawa o wykroczeniach, prawa karnego jak i cywilnego. Obowi\u0105zki te ci\u0105\u017c\u0105 g\u0142\u00f3wnie na w\u0142a\u015bcicielu zwierz\u0119cia, ale odpowiedzialno\u015b\u0107 karn\u0105 lub cywiln\u0105 mo\u017ce ponie\u015b\u0107 tak\u017ce osoba, kt\u00f3ra zwierz\u0119ciem opiekowa\u0142a si\u0119 w czasie gdy dosz\u0142o do jakiego\u015b zdarzenia.<\/p>\n<p>Obowi\u0105zki, te wynikaj\u0105 z ni\u017cej podanych akt\u00f3w prawnych:<\/p>\n<ol>\n<li><strong>Ustawa z dn. 21.08.1997r. o ochronie zwierz\u0105t, (Dz. U. Nr 111, poz.724, ze zmianami, tekst jednolity z 21.05.03r, Dz. U. Nr 106, poz. 1002),<\/strong><\/li>\n<li><strong>Ustawa z dnia 11.03.2004 r. o ochronie zdrowia zwierz\u0105t oraz zwalczaniu chor\u00f3b zaka\u017anych zwierz\u0105t, (Dz. U. Nr 69, poz. 625 ze zmianami),<\/strong><\/li>\n<li><strong>Uchwa\u0142a Nr VII\/92\/15 Rady Miasta Mys\u0142owice z dn. 26 marca 2015 r. \u2013 w sprawie Regulaminu utrzymania czysto\u015bci i porz\u0105dku na terenie miasta Mys\u0142owice, <\/strong><\/li>\n<\/ol>\n<p>&nbsp;<\/p>\n<p style=\"text-align: justify;\"><strong><a href=\"http:\/\/www.archiwum.sm.myslowice.pl\/wp-content\/uploads\/2011\/06\/pies.gif\"><img decoding=\"async\" loading=\"lazy\" class=\"alignleft size-full wp-image-3628\" title=\"pies\" src=\"http:\/\/www.archiwum.sm.myslowice.pl\/wp-content\/uploads\/2011\/06\/pies.gif\" alt=\"\" width=\"160\" height=\"160\" \/><\/a>Pies<\/strong> \u2013 to najpopularniejsze zwierz\u0119 przetrzymywane przez cz\u0142owieka. W funkcjonuj\u0105cym w przestrzeni publicznej sloganie \u201ePies przyjacielem cz\u0142owieka\u201d jest wiele prawdy, ale czy wszyscy w\u0142a\u015bciciele ps\u00f3w s\u0105 przyjaci\u00f3\u0142mi innych ludzi?<\/p>\n<p style=\"text-align: justify;\">Wielu mieszka\u0144c\u00f3w naszego miasta posiada psy r\u00f3\u017cnych ras i wielko\u015bci, ale cz\u0119sto zapominaj\u0105 o takich podstawowych obowi\u0105zkach jak trzymanie psa na smyczy czy usuwanie odchod\u00f3w pozostawionych przez psa.\u00a0 Pami\u0119ta\u0107 nale\u017cy, \u017ce nie ka\u017cdy chce by\u0107 obw\u0105chiwany przez jakiego\u015b psa i \u017ce s\u0105 alergicy uczuleni na psi\u0105 sier\u015b\u0107. Nie nale\u017cy tak\u017ce do przyjemno\u015bci chodzenie po chodnikach czy alejkach \u201eozdobionych\u201d psimi odchodami.<\/p>\n<p>&nbsp;<\/p>\n<h1 style=\"text-align: center;\"><strong>PAMI\u0118TAJ<\/strong><\/h1>\n<ul>\n<li style=\"text-align: center;\"><strong><strong><strong>place zabaw i piaskownice s\u0105 dla dzieci, nie dla ps\u00f3w<\/strong><\/strong><\/strong><\/li>\n<li style=\"text-align: center;\"><strong><strong>w miejscu publicznym psa nale\u017cy prowadzi\u0107 na smyczy, a psa agresywnego tak\u017ce z za\u0142o\u017conym kaga\u0144cem<\/strong><\/strong><\/li>\n<li style=\"text-align: center;\"><strong><strong>odchody pozostawione przez psa nale\u017cy bezzw\u0142ocznie usuwa\u0107<\/strong><\/strong><\/li>\n<li style=\"text-align: center;\"><strong>psy musz\u0105 by\u0107 zaszczepione przeciwko w\u015bciekli\u017anie w terminie 30 dni od dnia uko\u0144czenia przez psa 3 miesi\u0105ca \u017cycia, a nast\u0119pnie nie rzadziej ni\u017c co 12 miesi\u0119cy licz\u0105c od dnia ostatniego szczepienia<\/strong><\/li>\n<li style=\"text-align: center;\"><strong style=\"text-align: center;\">pies, kt\u00f3ry zrani\u0142 cz\u0142owieka, musi by\u0107 natychmiast doprowadzony przez w\u0142a\u015bciciela lub opiekuna do lekarza weterynarii celem poddania go obserwacji <\/strong><\/li>\n<\/ul>\n<h1 style=\"text-align: center;\"><\/h1>\n<h1 style=\"text-align: center;\"><\/h1>\n<h1 style=\"text-align: center;\"><strong>POMY\u015aL<\/strong><\/h1>\n<ul>\n<li style=\"text-align: center;\"><strong>Czy chcesz aby Tw\u00f3j pies wyrz\u0105dzi\u0142 komu\u015b krzywd\u0119 ?<\/strong><\/li>\n<li style=\"text-align: center;\"><strong>Czy pozostawione na chodniku psie odchody nie przeszkadzaj\u0105 Ci ?<\/strong><\/li>\n<li style=\"text-align: center;\"><strong>Czy chcesz, aby dzieci bawi\u0142y si\u0119 w piaskownicy zanieczyszczonej odchodami Twojego psa ?<\/strong><\/li>\n<\/ul>\n<p>&nbsp;<\/p>\n<p style=\"text-align: center;\">\u00a0<a href=\"http:\/\/www.archiwum.sm.myslowice.pl\/wp-content\/uploads\/2011\/06\/psy2.jpg\"><img decoding=\"async\" loading=\"lazy\" class=\"aligncenter  wp-image-3639\" title=\"psy\" src=\"http:\/\/www.archiwum.sm.myslowice.pl\/wp-content\/uploads\/2011\/06\/psy2-1024x315.jpg\" alt=\"\" width=\"922\" height=\"284\" \/><\/a><\/p>\n<p>&nbsp;<br \/>\n&nbsp;<\/p>\n<hr \/>\n<h2 style=\"text-align: center;\"><\/h2>\n<h2 style=\"text-align: center;\">Obowi\u0105zk\u00f3w zwi\u0105zanych z posiadaniem psa jest niewiele, ale ich przestrzeganie<\/h2>\n<h2 style=\"text-align: center;\">znacznie poprawi stan porz\u0105dku i bezpiecze\u0144stwa w naszym mie\u015bcie.<\/h2>\n","protected":false},"excerpt":{"rendered":"<p>Obowi\u0105zki w\u0142a\u015bcicieli Posiadanie jakiego\u015b zwierz\u0119cia to nie tylko przyjemno\u015b\u0107, ale i zwi\u0105zane z nim obowi\u0105zki, kt\u00f3rych nieprzestrzeganie mo\u017ce rodzi\u0107 r\u00f3\u017cne nast\u0119pstwa prawne, zar\u00f3wno te wynikaj\u0105ce z prawa o wykroczeniach, prawa karnego jak i cywilnego. Obowi\u0105zki te ci\u0105\u017c\u0105 g\u0142\u00f3wnie na w\u0142a\u015bcicielu zwierz\u0119cia, ale odpowiedzialno\u015b\u0107 karn\u0105 lub cywiln\u0105 mo\u017ce ponie\u015b\u0107 tak\u017ce osoba, kt\u00f3ra zwierz\u0119ciem opiekowa\u0142a si\u0119 w [&hellip;]<\/p>\n","protected":false},"author":1,"featured_media":0,"parent":30,"menu_order":0,"comment_status":"closed","ping_status":"closed","template":"onecolumn-page.php","meta":[],"_links":{"self":[{"href":"https:\/\/archiwum.sm.myslowice.pl\/index.php?rest_route=\/wp\/v2\/pages\/76"}],"collection":[{"href":"https:\/\/archiwum.sm.myslowice.pl\/index.php?rest_route=\/wp\/v2\/pages"}],"about":[{"href":"https:\/\/archiwum.sm.myslowice.pl\/index.php?rest_route=\/wp\/v2\/types\/page"}],"author":[{"embeddable":true,"href":"https:\/\/archiwum.sm.myslowice.pl\/index.php?rest_route=\/wp\/v2\/users\/1"}],"replies":[{"embeddable":true,"href":"https:\/\/archiwum.sm.myslowice.pl\/index.php?rest_route=%2Fwp%2Fv2%2Fcomments&post=76"}],"version-history":[{"count":0,"href":"https:\/\/archiwum.sm.myslowice.pl\/index.php?rest_route=\/wp\/v2\/pages\/76\/revisions"}],"up":[{"embeddable":true,"href":"https:\/\/archiwum.sm.myslowice.pl\/index.php?rest_route=\/wp\/v2\/pages\/30"}],"wp:attachment":[{"href":"https:\/\/archiwum.sm.myslowice.pl\/index.php?rest_route=%2Fwp%2Fv2%2Fmedia&parent=76"}],"curies":[{"name":"wp","href":"https:\/\/api.w.org\/{rel}","templated":true}]}}