{"id":4078,"date":"2013-07-17T11:40:33","date_gmt":"2013-07-17T11:40:33","guid":{"rendered":"http:\/\/www.sm.myslowice.pl\/?page_id=4078"},"modified":"2013-07-17T11:40:33","modified_gmt":"2013-07-17T11:40:33","slug":"20122013-2","status":"publish","type":"page","link":"https:\/\/archiwum.sm.myslowice.pl\/?page_id=4078","title":{"rendered":"2012\/2013"},"content":{"rendered":"<h2>Podsumowanie dzia\u0142a\u0144 profilaktycznych w roku szkolnym 2012\/2013<\/h2>\n<p style=\"text-align: justify;\">\u00a0\u00a0\u00a0 <strong>W roku szkolnym 2012\/2013 dzia\u0142aniami profilaktycznymi by\u0142o obj\u0119tych 4,295 dzieci i m\u0142odzie\u017cy w wieku od trzech do dziewi\u0119tnastu lat. Scenariusze zaj\u0119\u0107 s\u0105 oparte na autorskich programach stra\u017cnik\u00f3w miejskich. Po raz pierwszy w tym roku szkolnym profilaktyk\u0105 zosta\u0142y obj\u0119te osoby doros\u0142e, kadra pedagogiczna jak i opiekunowie dzieci.<\/strong><\/p>\n<p><!--more--><\/p>\n<h1>Sprawozdanie za rok 2012\/2013<\/h1>\n<p>&nbsp;<br \/>\n<span style=\"text-decoration: underline;\"><strong>Przedszkola:<\/strong><\/span><br \/>\nPrzedszkole nr 1 \u201eBezpieczne przedszkole\u201d<br \/>\nPrzedszkole nr 2 \u201eBezpieczne przedszkole\u201d<br \/>\nPrzedszkole nr 3 \u201eBezpieczne przedszkole\u201d<br \/>\nPrzedszkole nr 4 \u201eBezpieczne przedszkole\u201d<br \/>\nPrzedszkole nr 5 \u201eBezpieczne przedszkole\u201d<br \/>\nPrzedszkole nr 7 \u201eBezpieczne przedszkole\u201d<br \/>\nPrzedszkole nr 8 \u201eBezpieczne przedszkole\u201d<br \/>\nPrzedszkole nr 9 \u201eBezpieczne przedszkole\u201d<br \/>\nPrzedszkole nr 10\u201eBezpieczne przedszkole\u201d<br \/>\nPrzedszkole nr 12 \u201eBezpieczne przedszkole\u201d<br \/>\nPrzedszkole nr 13 \u201eBezpieczne przedszkole\u201d<br \/>\nPrzedszkole nr 14 \u201eBezpieczne przedszkole\u201d<br \/>\nPrzedszkole nr 15 \u201eBezpieczne przedszkole\u201d<br \/>\nPrzedszkole nr 16 \u201eBezpieczne przedszkole\u201d<br \/>\nPrzedszkole nr 17 \u201eBezpieczne przedszkole\u201d<br \/>\nPrzedszkole nr 18 \u201eBezpieczne przedszkole\u201d<br \/>\nPrzedszkole nr 19 \u201eBezpieczne przedszkole\u201d<br \/>\nPrzedszkole nr 20 \u201eBezpieczne przedszkole\u201d<br \/>\nZSP nr 1 \u201eBezpieczne przedszkole\u201d<br \/>\nZSP nr 2 \u201eBezpieczne przedszkole\u201d<br \/>\nAkademia Przedszkolna \u201eSkrzat\u201d \u201eBezpieczne przedszkole\u201d<br \/>\nAkademia Przedszkolna \u201eSkrzat\u201d \u201e Eko- stra\u017cnik\u201d- 2 grupy<br \/>\nPrzedszkole nr 1 \u201eStra\u017cnik miejski przyjaciel\u201d- 1 grupa<br \/>\nPrzedszkole nr 7 \u201eBezpieczne ferie\u201d- 2 grupy<br \/>\nPrzedszkole nr 7 \u201eJeste\u015bmy bezpieczni\u201d- 1 grupa<br \/>\nPrzedszkole nr 7 \u201eEko &#8211; stra\u017cnik\u201d- 1 grupa<br \/>\nPrzedszkole nr 16 \u201eTrzy kolory\u201d\u2013 3 grupy<br \/>\nPrzedszkole nr 16 \u201eStra\u017cnik miejski przyjaciel\u201d- 1 grupa<br \/>\nPrzedszkole nr 20 \u201eStra\u017cnik miejski przyjaciel\u201d- 1 grupa<br \/>\n&nbsp;<br \/>\n<span style=\"text-decoration: underline;\"><strong>Szko\u0142y Podstawowe:<\/strong><\/span><br \/>\nSP nr 1 \u201eAgresja r\u00f3wie\u015bnicza\u201d &#8211; 4 klasy<br \/>\nSP nr 3 \u201ePierwsza pomoc\u201d- 3 klasy<br \/>\nSP nr 3 \u201eAgresja r\u00f3wie\u015bnicza\u201d- 3 klasy<br \/>\nSP nr 3 \u201eCyberprzemoc\u201d- 5 klasy<br \/>\nSP nr 3 \u201eBezpieczne ferie \u201d- 3 klasy<br \/>\nSP nr 4 \u201eBezpieczna droga do szko\u0142y\u201d &#8211; 2 klasy<br \/>\nSP nr 6 \u201eBezpieczna droga do szko\u0142y\u201d &#8211; 1 klasa<br \/>\nSP nr 9 \u201eAgresja r\u00f3wie\u015bnicza\u201d- 14 klas<br \/>\nSP nr 9 \u201eBezpieczne ferie\u201d- 12 klas<br \/>\nSP nr 9 \u201eCyberprzemoc\u201d- 4 klasy<br \/>\nSP nr 12 \u201eAgresja r\u00f3wie\u015bnicza\u201d- 2 klasy<br \/>\nSP nr 14 \u201eAgresja r\u00f3wie\u015bnicza\u201d- 1 klasa<br \/>\nSP nr 16 \u201eBezpieczna droga do szko\u0142y\u201d &#8211; 2 klasy<br \/>\nZSP nr 2 \u201eBezpieczne ferie\u201d- 7 klasy<br \/>\nZSP nr 2 \u201ePierwsza pomoc\u201d- 6 klasy<br \/>\nZSP nr 2 \u201eAgresja r\u00f3wie\u015bnicza\u201d- 4 klasy<br \/>\nZSP nr 2 \u201ePowiedz NIE!\u201d- 2 klasy<br \/>\n&nbsp;<br \/>\n<span style=\"text-decoration: underline;\"><strong>Gimnazja:<\/strong><\/span><br \/>\nGimnazjum nr 2 \u201eOdpowiedzialno\u015b\u0107 karna\u201d<br \/>\nGimnazjum przy LO nr 1 \u201eAgresja r\u00f3wie\u015bnicza\u201d &#8211; 5 klasy<br \/>\n&nbsp;<br \/>\n<span style=\"text-decoration: underline;\"><strong>Szko\u0142y Ponadgimnazjalne:<\/strong><\/span><br \/>\nLiceum Og\u00f3lnokszta\u0142c\u0105ce nr 1 \u201eAgresja r\u00f3wie\u015bnicza\u201d- 5 klasy<br \/>\n&nbsp;<br \/>\n<span style=\"text-decoration: underline;\"><strong>Osoby doros\u0142e:<\/strong><\/span><br \/>\nZSP nr 3 \u201eKonflikty r\u00f3wie\u015bnicze\u201d &#8211; prelekcje dla nauczycieli<br \/>\nSP nr 7 \u201eOdpowiedzialno\u015b\u0107 karna nieletnich\u201d &#8211; spotkanie z dzie\u0107mi i ich opiekunami<br \/>\n&nbsp;<br \/>\n<span style=\"text-decoration: underline;\"><strong>Inne:<\/strong><\/span><br \/>\nSP nr 1 \u201eSpotkanie z kuratorium\u201d<br \/>\nSP nr 3 Apel dotycz\u0105cy bezpiecznych ferii \u2013 ca\u0142a szko\u0142a<br \/>\nZSP nr 2 \u201eDzie\u0144 bez przemocy\u201d &#8211; ca\u0142a szko\u0142a<br \/>\nUczestnictwo w turnieju szk\u00f3\u0142 podstawowych \u201eBezpieczna droga do szko\u0142y\u201d<br \/>\nUczestnictwo w happeningu na ul. Rynek<br \/>\nOrganizacja konkursu plastycznego \u201eStra\u017cnik miejski w pracy\u201d &#8211; klasy 1-3<br \/>\nUczestnictwo w zabawie \u201eLato w mie\u015bcie\u201d &#8211; MOK<br \/>\nOrganizacja zabawy edukacyjnej \u201eBezpieczne przedszkole 2013\u201d<\/p>\n","protected":false},"excerpt":{"rendered":"<p>Podsumowanie dzia\u0142a\u0144 profilaktycznych w roku szkolnym 2012\/2013 \u00a0\u00a0\u00a0 W roku szkolnym 2012\/2013 dzia\u0142aniami profilaktycznymi by\u0142o obj\u0119tych 4,295 dzieci i m\u0142odzie\u017cy w wieku od trzech do dziewi\u0119tnastu lat. Scenariusze zaj\u0119\u0107 s\u0105 oparte na autorskich programach stra\u017cnik\u00f3w miejskich. Po raz pierwszy w tym roku szkolnym profilaktyk\u0105 zosta\u0142y obj\u0119te osoby doros\u0142e, kadra pedagogiczna jak i opiekunowie dzieci.<\/p>\n","protected":false},"author":1,"featured_media":0,"parent":4059,"menu_order":0,"comment_status":"closed","ping_status":"open","template":"onecolumn-page.php","meta":[],"_links":{"self":[{"href":"https:\/\/archiwum.sm.myslowice.pl\/index.php?rest_route=\/wp\/v2\/pages\/4078"}],"collection":[{"href":"https:\/\/archiwum.sm.myslowice.pl\/index.php?rest_route=\/wp\/v2\/pages"}],"about":[{"href":"https:\/\/archiwum.sm.myslowice.pl\/index.php?rest_route=\/wp\/v2\/types\/page"}],"author":[{"embeddable":true,"href":"https:\/\/archiwum.sm.myslowice.pl\/index.php?rest_route=\/wp\/v2\/users\/1"}],"replies":[{"embeddable":true,"href":"https:\/\/archiwum.sm.myslowice.pl\/index.php?rest_route=%2Fwp%2Fv2%2Fcomments&post=4078"}],"version-history":[{"count":0,"href":"https:\/\/archiwum.sm.myslowice.pl\/index.php?rest_route=\/wp\/v2\/pages\/4078\/revisions"}],"up":[{"embeddable":true,"href":"https:\/\/archiwum.sm.myslowice.pl\/index.php?rest_route=\/wp\/v2\/pages\/4059"}],"wp:attachment":[{"href":"https:\/\/archiwum.sm.myslowice.pl\/index.php?rest_route=%2Fwp%2Fv2%2Fmedia&parent=4078"}],"curies":[{"name":"wp","href":"https:\/\/api.w.org\/{rel}","templated":true}]}}