{"id":4070,"date":"2013-07-17T11:38:14","date_gmt":"2013-07-17T11:38:14","guid":{"rendered":"http:\/\/www.sm.myslowice.pl\/?page_id=4070"},"modified":"2013-07-17T11:38:14","modified_gmt":"2013-07-17T11:38:14","slug":"szkoly-podstawowe","status":"publish","type":"page","link":"https:\/\/archiwum.sm.myslowice.pl\/?page_id=4070","title":{"rendered":"PODZI\u0118KOWANIA"},"content":{"rendered":"<p><span style=\"font-size: x-large;\">Podzi\u0119kowania dla Stra\u017cy Miejskiej<\/span><\/p>\n<p align=\"justify\">\u00a0\u00a0 Na niniejszej stronie zamie\u015bcili\u015bmy szereg podzi\u0119kowa\u0144 jakimi zostali\u015bmy obdarowani. Cieszymy si\u0119, \u017ce dzia\u0142ania naszej jednostki przynosz\u0105 uznanie w oczach ludzi dla kt\u00f3rych bezpiecze\u0144stwo, \u0142ad oraz porz\u0105dek w mie\u015bcie s\u0105 istotnymi czynnikami wp\u0142ywaj\u0105cymi na zagwarantowanie spokoju obywateli.<\/p>\n<p>Link do naszej galerii podzi\u0119kowa\u0144 znajduje si\u0119 poni\u017cej<\/p>\n<blockquote class=\"wp-embedded-content\" data-secret=\"wYpHZjoKRA\"><p><a href=\"https:\/\/archiwum.sm.myslowice.pl\/?page_id=13523\">Galeria podzi\u0119kowa\u0144<\/a><\/p><\/blockquote>\n<p><iframe class=\"wp-embedded-content\" sandbox=\"allow-scripts\" security=\"restricted\" style=\"position: absolute; clip: rect(1px, 1px, 1px, 1px);\" title=\"&#8222;Galeria podzi\u0119kowa\u0144&#8221; &#8212; Archiwum\" src=\"https:\/\/archiwum.sm.myslowice.pl\/?page_id=13523&#038;embed=true#?secret=j9X6QuTxLq#?secret=wYpHZjoKRA\" data-secret=\"wYpHZjoKRA\" width=\"580\" height=\"327\" frameborder=\"0\" marginwidth=\"0\" marginheight=\"0\" scrolling=\"no\"><\/iframe><\/p>\n","protected":false},"excerpt":{"rendered":"<p>Podzi\u0119kowania dla Stra\u017cy Miejskiej \u00a0\u00a0 Na niniejszej stronie zamie\u015bcili\u015bmy szereg podzi\u0119kowa\u0144 jakimi zostali\u015bmy obdarowani. Cieszymy si\u0119, \u017ce dzia\u0142ania naszej jednostki przynosz\u0105 uznanie w oczach ludzi dla kt\u00f3rych bezpiecze\u0144stwo, \u0142ad oraz porz\u0105dek w mie\u015bcie s\u0105 istotnymi czynnikami wp\u0142ywaj\u0105cymi na zagwarantowanie spokoju obywateli. Link do naszej galerii podzi\u0119kowa\u0144 znajduje si\u0119 poni\u017cej Galeria podzi\u0119kowa\u0144<\/p>\n","protected":false},"author":1,"featured_media":0,"parent":8,"menu_order":0,"comment_status":"closed","ping_status":"open","template":"","meta":[],"_links":{"self":[{"href":"https:\/\/archiwum.sm.myslowice.pl\/index.php?rest_route=\/wp\/v2\/pages\/4070"}],"collection":[{"href":"https:\/\/archiwum.sm.myslowice.pl\/index.php?rest_route=\/wp\/v2\/pages"}],"about":[{"href":"https:\/\/archiwum.sm.myslowice.pl\/index.php?rest_route=\/wp\/v2\/types\/page"}],"author":[{"embeddable":true,"href":"https:\/\/archiwum.sm.myslowice.pl\/index.php?rest_route=\/wp\/v2\/users\/1"}],"replies":[{"embeddable":true,"href":"https:\/\/archiwum.sm.myslowice.pl\/index.php?rest_route=%2Fwp%2Fv2%2Fcomments&post=4070"}],"version-history":[{"count":0,"href":"https:\/\/archiwum.sm.myslowice.pl\/index.php?rest_route=\/wp\/v2\/pages\/4070\/revisions"}],"up":[{"embeddable":true,"href":"https:\/\/archiwum.sm.myslowice.pl\/index.php?rest_route=\/wp\/v2\/pages\/8"}],"wp:attachment":[{"href":"https:\/\/archiwum.sm.myslowice.pl\/index.php?rest_route=%2Fwp%2Fv2%2Fmedia&parent=4070"}],"curies":[{"name":"wp","href":"https:\/\/api.w.org\/{rel}","templated":true}]}}