{"id":2273,"date":"2013-02-23T09:20:02","date_gmt":"2013-02-23T09:20:02","guid":{"rendered":"http:\/\/www.sm.myslowice.pl\/?page_id=2273"},"modified":"2013-02-23T09:20:02","modified_gmt":"2013-02-23T09:20:02","slug":"2012-2","status":"publish","type":"page","link":"https:\/\/archiwum.sm.myslowice.pl\/?page_id=2273","title":{"rendered":"2011"},"content":{"rendered":"<h2>Dzia\u0142anie SM w styczniu 2011 r.<\/h2>\n<p style=\"text-align: justify;\">W styczniu 2011 roku stra\u017cnicy w zwi\u0105zku z pope\u0142nionymi wykroczeniami wylegitymowali <big>1\u00a0052<\/big> osoby, z czego <big>708<\/big> pouczyli, na <big>355<\/big> na\u0142o\u017cyli mandaty karne <small>(z\u00a0czego 118 za wykroczenia przeciwko spokojowi i porz\u0105dkowi, 237 za wykroczenia przeciwko bezpiecze\u0144stwu i\u00a0porz\u0105dkowi w komunikacji)<\/small>, a w przypadku <big>3<\/big> os\u00f3b skierowali wnioski o ukaranie do S\u0105du Grodzkiego. Mieszka\u0144cy zg\u0142osili w tym okresie do Stra\u017cy Miejskiej <big>153<\/big> interwencje, natomiast stra\u017cnicy z w\u0142asnej inicjatywy podj\u0119li <big>690<\/big> interwencji. Ponadto stra\u017cnicy ujawnili <big>15<\/big> awarii, przeprowadzili <big>3<\/big> kontrole z administratorami budynk\u00f3w, <big>55<\/big> razy udzielili pomocy innym wydzia\u0142om UM, a <big>1<\/big> raz udzielili asysty innym instytucjom. Poza tym Stra\u017c Miejska zabezpieczy\u0142a <big>5<\/big> imprez i\u00a0uroczysto\u015bci, <big>2<\/big> razy przekaza\u0142a informacje Policji lub Prokuraturze o pope\u0142nionych przest\u0119pstwach oraz przekaza\u0142a Policji <big>4<\/big> sprawc\u00f3w przest\u0119pstw i wykrocze\u0144, <big>3<\/big> razy wzywa\u0142a pogotowie ratunkowe do osoby potrzebuj\u0105cej pomocy lekarskiej. Dodatkowo stra\u017cnicy odwie\u017ali <big>3<\/big> nietrze\u017awych os\u00f3b do Izby Wytrze\u017awie\u0144, a <big>6<\/big> &#8211; do miejsca zamieszkania. Poza tym Stra\u017c Miejska <big>2<\/big> razy przekaza\u0142a do innych instytucji informacje o r\u00f3\u017cnego typu nieprawid\u0142owo\u015bciach naruszaj\u0105cych porz\u0105dek i bezpiecze\u0144stwo w mie\u015bcie. W tym okresie w\u00a0Stra\u017cy Miejskiej w sumie zatrudnionych by\u0142o <big>24<\/big> stra\u017cnik\u00f3w, z czego w terenie pracowa\u0142o <big>19<\/big> os\u00f3b <small>(w tym wykonano 22 s\u0142u\u017cby patrolowe w ramach wsp\u00f3lnych dzia\u0142a\u0144 z Policj\u0105, w trakcie kt\u00f3rych wylegitymowano 148 os\u00f3b, udzielaj\u0105c 125 poucze\u0144 i nak\u0142adaj\u0105c 14 mandat\u00f3w karnych, za\u0142atwiono 28 interwencji zleconych przez dy\u017curnego KMP i 67 podj\u0119tych z w\u0142asnej inicjatywy oraz skontrolowano 55 miejsc zagro\u017conych; do izby wytrze\u017awie\u0144 doprowadzono 1 osob\u0119 nietrze\u017aw\u0105, a 4 &#8211; do miejsca zamieszkania; skontrolowano 16 pojazd\u00f3w, a w 25 przypadkach przenoszone lub przewo\u017cone baga\u017ce; zatrzymano 2 sprawc\u00f3w kradzie\u017cy w\u0119gla z wagon\u00f3w kolejowych, 1 osob\u0119 poszukiwan\u0105 listem go\u0144czym, a 1 osob\u0119 nieletnia konwojowano z S\u0105du do Domu Dziecka)<\/small>.<\/p>\n<h2>Dzia\u0142anie SM w lutym 2011 r.<\/h2>\n<p style=\"text-align: justify;\">W lutym 2011 roku stra\u017cnicy w zwi\u0105zku z pope\u0142nionymi wykroczeniami wylegitymowali <big>1\u00a0005<\/big> os\u00f3b, z czego <big>676<\/big> pouczyli, na <big>319<\/big> na\u0142o\u017cyli mandaty karne <small>(z\u00a0czego 109 za wykroczenia przeciwko spokojowi i porz\u0105dkowi, 210 za wykroczenia przeciwko bezpiecze\u0144stwu i\u00a0porz\u0105dkowi w komunikacji)<\/small>, a w przypadku <big>5<\/big> os\u00f3b skierowali wnioski o ukaranie do S\u0105du Grodzkiego. Mieszka\u0144cy zg\u0142osili w tym okresie do Stra\u017cy Miejskiej <big>138<\/big> interwencji, natomiast stra\u017cnicy z w\u0142asnej inicjatywy podj\u0119li <big>626<\/big> interwencji. Ponadto stra\u017cnicy ujawnili <big>12<\/big> awarii, przeprowadzili <big>4<\/big> kontrole z administratorami budynk\u00f3w, <big>51<\/big> razy udzielili pomocy innym wydzia\u0142om UM, a <big>2<\/big> raz udzielili asysty innym instytucjom. Poza tym Stra\u017c Miejska zabezpieczy\u0142a <big>3<\/big> imprezy i\u00a0uroczysto\u015bci, <big>4<\/big> razy przekaza\u0142a informacje Policji lub Prokuraturze o pope\u0142nionych przest\u0119pstwach oraz przekaza\u0142a Policji <big>3<\/big> sprawc\u00f3w przest\u0119pstw i wykrocze\u0144, <big>2<\/big> razy wzywa\u0142a pogotowie ratunkowe do osoby potrzebuj\u0105cej pomocy lekarskiej i <big>1<\/big> raz wzywa\u0142a stra\u017c po\u017carn\u0105. Dodatkowo stra\u017cnicy odwie\u017ali <big>3<\/big> nietrze\u017awych os\u00f3b do Izby Wytrze\u017awie\u0144, a <big>5<\/big> &#8211; do miejsca zamieszkania. Poza tym Stra\u017c Miejska <big>2<\/big> razy przekaza\u0142a do innych instytucji informacje o r\u00f3\u017cnego typu nieprawid\u0142owo\u015bciach naruszaj\u0105cych porz\u0105dek i bezpiecze\u0144stwo w mie\u015bcie. Ponadto wyg\u0142oszono 22 prelekcje pt. &#8222;Agresja r\u00f3wie\u015bnicza&#8221; w klasach 1-6 szk\u00f3\u0142 podstawowych. W tym okresie w\u00a0Stra\u017cy Miejskiej w sumie zatrudnionych by\u0142o <big>24<\/big> stra\u017cnik\u00f3w, z czego w terenie pracowa\u0142o <big>19<\/big> os\u00f3b <small>(w tym wykonano 20 s\u0142u\u017cb patrolowych w ramach wsp\u00f3lnych dzia\u0142a\u0144 z Policj\u0105, w trakcie kt\u00f3rych wylegitymowano 110 os\u00f3b, udzielaj\u0105c 98 poucze\u0144 i nak\u0142adaj\u0105c 8 mandat\u00f3w karnych, a wobec 2 os\u00f3b wszcz\u0119to post\u0119powania wyja\u015bniaj\u0105ce celem skierowania wniosk\u00f3w o ukaranie do S\u0105du; za\u0142atwiono 21 interwencji zleconych przez dy\u017curnego KMP i 59 podj\u0119tych z w\u0142asnej inicjatywy oraz skontrolowano 67 miejsc zagro\u017conych; do izby wytrze\u017awie\u0144 doprowadzono 2 osoby nietrze\u017awe i 1 do miejsca zamieszkania; skontrolowano 8 pojazd\u00f3w, a w 40 przypadkach &#8211; przenoszone lub przewo\u017cone baga\u017ce; zatrzymano 1 osob\u0119 poszukiwan\u0105 listem go\u0144czym, a 1 raz zabezpieczano miejsce w\u0142amania do barakowozu)<\/small><\/p>\n<h2>Dzia\u0142anie SM w marcu 2011 r.<\/h2>\n<p style=\"text-align: justify;\">W marcu 2011 roku stra\u017cnicy w zwi\u0105zku z pope\u0142nionymi wykroczeniami wylegitymowali <big>1\u00a0257<\/big> os\u00f3b, z czego <big>853<\/big> pouczyli, na <big>394<\/big> na\u0142o\u017cyli mandaty karne <small>(z\u00a0czego 196 za wykroczenia przeciwko spokojowi i porz\u0105dkowi, 198 za wykroczenia przeciwko bezpiecze\u0144stwu i\u00a0porz\u0105dkowi w komunikacji)<\/small>, a w przypadku <big>5<\/big> os\u00f3b skierowali wnioski o ukaranie do S\u0105du Grodzkiego. Mieszka\u0144cy zg\u0142osili w tym okresie do Stra\u017cy Miejskiej <big>174<\/big> interwencje, natomiast stra\u017cnicy z w\u0142asnej inicjatywy podj\u0119li <big>838<\/big> interwencji. Ponadto stra\u017cnicy ujawnili <big>9<\/big> awarii, przeprowadzili <big>10<\/big> kontroli z administratorami budynk\u00f3w, <big>53<\/big> razy udzielili pomocy innym wydzia\u0142om UM, a <big>1<\/big> raz udzielili asysty innym instytucjom. Poza tym Stra\u017c Miejska <big>1<\/big> raz przekaza\u0142a informacje Policji lub Prokuraturze o pope\u0142nionych przest\u0119pstwach oraz przekaza\u0142a Policji <big>4<\/big> sprawc\u00f3w przest\u0119pstw i wykrocze\u0144, <big>4<\/big> razy wzywa\u0142a pogotowie ratunkowe do osoby potrzebuj\u0105cej pomocy lekarskiej, a <big>1<\/big> raz wzywa\u0142a stra\u017c po\u017carn\u0105. Dodatkowo stra\u017cnicy odwie\u017ali <big>13<\/big> nietrze\u017awych os\u00f3b do Izby Wytrze\u017awie\u0144, a <big>10<\/big> &#8211; do miejsca zamieszkania. Poza tym Stra\u017c Miejska <big>4<\/big> razy przekaza\u0142a do innych instytucji informacje o r\u00f3\u017cnego typu nieprawid\u0142owo\u015bciach naruszaj\u0105cych porz\u0105dek i bezpiecze\u0144stwo w mie\u015bcie. Ponadto wyg\u0142oszono 33 prelekcje pt. &#8222;Agresja r\u00f3wie\u015bnicza&#8221; w klasach 1-6 szk\u00f3\u0142 podstawowych. W tym okresie w\u00a0Stra\u017cy Miejskiej w sumie zatrudnionych by\u0142o <big>24<\/big> stra\u017cnik\u00f3w, z czego w terenie pracowa\u0142o <big>19<\/big> os\u00f3b <small>(w tym wykonano 43 s\u0142u\u017cby patrolowe, a udzia\u0142 w nich bra\u0142o 49 stra\u017cnik\u00f3w; w ich trakcie wylegitymowano 154 osoby, udzielaj\u0105c 136 poucze\u0144 i nak\u0142adaj\u0105c 16 mandat\u00f3w karnych; za\u0142atwiono 12 interwencji zleconych przez dy\u017curnego KMP i 103 podj\u0119tych z w\u0142asnej inicjatywy, a tak\u017ce skontrolowano 104 miejsca zagro\u017cone; do izby wytrze\u017awie\u0144 doprowadzono 1 osob\u0119 nietrze\u017aw\u0105 i 3 do miejsca zamieszkania; skontrolowano 20 pojazd\u00f3w, a w 40 przypadkach przenoszone lub przewo\u017cone baga\u017ce; zatrzymano 1 osob\u0119 poszukiwan\u0105 listem go\u0144czym oraz zabezpieczano miejsce po\u017caru)<\/small>.<\/p>\n<h2>Dzia\u0142anie SM w kwietniu 2011 r.<\/h2>\n<p style=\"text-align: justify;\">W kwietniu 2011 roku stra\u017cnicy w zwi\u0105zku z pope\u0142nionymi wykroczeniami wylegitymowali <big>959<\/big> os\u00f3b, z czego<big> 711<\/big> pouczyli, na <big>244<\/big> na\u0142o\u017cyli mandaty karne <small>(z czego 196 za wykroczenia przeciwko spokojowi i porz\u0105dkowi, 198 za wykroczenia przeciwko bezpiecze\u0144stwu i porz\u0105dkowi w komunikacji)<\/small>, a w przypadku <big>4<\/big> os\u00f3b skierowali wnioski o ukaranie do S\u0105du Grodzkiego. Mieszka\u0144cy zg\u0142osili w tym okresie do Stra\u017cy Miejskiej <big>180<\/big> interwencje, natomiast stra\u017cnicy z w\u0142asnej inicjatywy podj\u0119li <big>499<\/big> interwencji. Ponadto stra\u017cnicy ujawnili <big>12<\/big> awarii, przeprowadzili <big>7<\/big> kontroli z administratorami budynk\u00f3w, <big>46<\/big> razy udzielili pomocy innym wydzia\u0142om UM, a <big>2<\/big> raz udzielili asysty innym instytucjom. Poza tym Stra\u017c Miejska <big>1<\/big> raz przekaza\u0142a informacje Policji lub Prokuraturze o pope\u0142nionych przest\u0119pstwach oraz przekaza\u0142a Policji 6 sprawc\u00f3w przest\u0119pstw i wykrocze\u0144, <big>4<\/big> razy wzywa\u0142a pogotowie ratunkowe do osoby potrzebuj\u0105cej pomocy lekarskiej, a <big>1<\/big> raz wzywa\u0142a stra\u017c po\u017carn\u0105. Dodatkowo stra\u017cnicy odwie\u017ali <big>3<\/big> nietrze\u017awych os\u00f3b do Izby Wytrze\u017awie\u0144, a <big>10<\/big> &#8211; do miejsca zamieszkania. Poza tym Stra\u017c Miejska <big>11<\/big> razy przekaza\u0142a do innych instytucji informacje o r\u00f3\u017cnego typu nieprawid\u0142owo\u015bciach naruszaj\u0105cych porz\u0105dek i bezpiecze\u0144stwo w mie\u015bcie.<\/p>\n<h2>Dzia\u0142anie SM w maj 2011 r.<\/h2>\n<p style=\"text-align: justify;\">W maju 2011 roku stra\u017cnicy w zwi\u0105zku z pope\u0142nionymi wykroczeniami wylegitymowali <big>1050<\/big> os\u00f3b, z czego<big> 757<\/big> pouczyli, na <big>284<\/big> na\u0142o\u017cyli mandaty karne <small>(z czego 213 za wykroczenia przeciwko spokojowi i porz\u0105dkowi, 71 za wykroczenia przeciwko bezpiecze\u0144stwu i porz\u0105dkowi w komunikacji)<\/small>, a w przypadku <big>5<\/big> os\u00f3b skierowali wnioski o ukaranie do S\u0105du Grodzkiego. Mieszka\u0144cy zg\u0142osili w tym okresie do Stra\u017cy Miejskiej <big>219<\/big> interwencje, natomiast stra\u017cnicy z w\u0142asnej inicjatywy podj\u0119li <big>700<\/big> interwencji. Ponadto stra\u017cnicy ujawnili <big>11<\/big> awarii, przeprowadzili <big>2<\/big> kontroli z administratorami budynk\u00f3w, <big>48<\/big> razy udzielili pomocy innym wydzia\u0142om UM, a 3 raz udzielili asysty innym instytucjom. Poza tym Stra\u017c Miejska <big>2<\/big> razy przekaza\u0142a informacje Policji lub Prokuraturze o pope\u0142nionych przest\u0119pstwach oraz przekaza\u0142a Policji 3 sprawc\u00f3w przest\u0119pstw i wykrocze\u0144, <big>3<\/big> razy wzywa\u0142a pogotowie ratunkowe do osoby potrzebuj\u0105cej pomocy lekarskie. Dodatkowo stra\u017cnicy odwie\u017ali <big>11<\/big> nietrze\u017awych os\u00f3b do Izby Wytrze\u017awie\u0144, a 4 &#8211; do miejsca zamieszkania. Poza tym Stra\u017c Miejska <big>11<\/big> razy przekaza\u0142a do innych instytucji informacje o r\u00f3\u017cnego typu nieprawid\u0142owo\u015bciach naruszaj\u0105cych porz\u0105dek i bezpiecze\u0144stwo w mie\u015bcie.<\/p>\n<h2>Dzia\u0142anie SM w pa\u017adzierniku 2011 r.<\/h2>\n<p style=\"text-align: justify;\">W pa\u017adzierniku 2011 roku stra\u017cnicy w zwi\u0105zku z pope\u0142nionymi wykroczeniami wylegitymowali <big>722<\/big> os\u00f3b, z czego<big> 563<\/big> pouczyli, na <big>146<\/big> na\u0142o\u017cyli mandaty karne <small>(z czego 86 za wykroczenia przeciwko spokojowi i porz\u0105dkowi, 160 za wykroczenia przeciwko bezpiecze\u0144stwu i porz\u0105dkowi w komunikacji)<\/small>, a w przypadku\u00a0 <big>8<\/big> os\u00f3b skierowali wnioski o ukaranie do S\u0105du Grodzkiego. Mieszka\u0144cy zg\u0142osili w tym okresie do Stra\u017cy Miejskiej <big>178<\/big> interwencje, natomiast stra\u017cnicy z w\u0142asnej inicjatywy podj\u0119li <big>473<\/big> interwencji. Ponadto stra\u017cnicy ujawnili <big>15<\/big> awarii, przeprowadzili <big>4<\/big> kontroli z administratorami budynk\u00f3w, <big>48<\/big> razy udzielili pomocy innym wydzia\u0142om UM, a 4 raz udzielili asysty innym instytucjom. Poza tym Stra\u017c Miejska <big>2<\/big> raz przekaza\u0142a informacje Policji lub Prokuraturze o pope\u0142nionych przest\u0119pstwach oraz przekaza\u0142a Policji 8 sprawc\u00f3w przest\u0119pstw i wykrocze\u0144, 1 raz wzywa\u0142a pogotowie ratunkowe do osoby potrzebuj\u0105cej pomocy lekarskiej. Dodatkowo stra\u017cnicy odwie\u017ali <big>6<\/big> nietrze\u017awych os\u00f3b do Izby Wytrze\u017awie\u0144, a <big>7<\/big> &#8211; do miejsca zamieszkania. Poza tym Stra\u017c Miejska <big>11<\/big> razy przekaza\u0142a do innych instytucji informacje o r\u00f3\u017cnego typu nieprawid\u0142owo\u015bciach naruszaj\u0105cych porz\u0105dek i bezpiecze\u0144stwo w mie\u015bcie.<\/p>\n","protected":false},"excerpt":{"rendered":"<p>Dzia\u0142anie SM w styczniu 2011 r. W styczniu 2011 roku stra\u017cnicy w zwi\u0105zku z pope\u0142nionymi wykroczeniami wylegitymowali 1\u00a0052 osoby, z czego 708 pouczyli, na 355 na\u0142o\u017cyli mandaty karne (z\u00a0czego 118 za wykroczenia przeciwko spokojowi i porz\u0105dkowi, 237 za wykroczenia przeciwko bezpiecze\u0144stwu i\u00a0porz\u0105dkowi w komunikacji), a w przypadku 3 os\u00f3b skierowali wnioski o ukaranie do S\u0105du [&hellip;]<\/p>\n","protected":false},"author":1,"featured_media":0,"parent":59,"menu_order":0,"comment_status":"closed","ping_status":"open","template":"","meta":[],"_links":{"self":[{"href":"https:\/\/archiwum.sm.myslowice.pl\/index.php?rest_route=\/wp\/v2\/pages\/2273"}],"collection":[{"href":"https:\/\/archiwum.sm.myslowice.pl\/index.php?rest_route=\/wp\/v2\/pages"}],"about":[{"href":"https:\/\/archiwum.sm.myslowice.pl\/index.php?rest_route=\/wp\/v2\/types\/page"}],"author":[{"embeddable":true,"href":"https:\/\/archiwum.sm.myslowice.pl\/index.php?rest_route=\/wp\/v2\/users\/1"}],"replies":[{"embeddable":true,"href":"https:\/\/archiwum.sm.myslowice.pl\/index.php?rest_route=%2Fwp%2Fv2%2Fcomments&post=2273"}],"version-history":[{"count":0,"href":"https:\/\/archiwum.sm.myslowice.pl\/index.php?rest_route=\/wp\/v2\/pages\/2273\/revisions"}],"up":[{"embeddable":true,"href":"https:\/\/archiwum.sm.myslowice.pl\/index.php?rest_route=\/wp\/v2\/pages\/59"}],"wp:attachment":[{"href":"https:\/\/archiwum.sm.myslowice.pl\/index.php?rest_route=%2Fwp%2Fv2%2Fmedia&parent=2273"}],"curies":[{"name":"wp","href":"https:\/\/api.w.org\/{rel}","templated":true}]}}