{"id":189,"date":"2011-06-13T18:07:52","date_gmt":"2011-06-13T18:07:52","guid":{"rendered":"http:\/\/www.sm.myslowice.pl\/?page_id=189"},"modified":"2011-06-13T18:07:52","modified_gmt":"2011-06-13T18:07:52","slug":"dla-kierowcow","status":"publish","type":"page","link":"https:\/\/archiwum.sm.myslowice.pl\/?page_id=189","title":{"rendered":"KIEROWCY POJAZD\u00d3W MECHANICZNYCH"},"content":{"rendered":"<p style=\"text-align: justify;\"><strong>Kierowcy niestosuj\u0105cy si\u0119 do regu\u0142 zapisanych w Prawie o ruchu drogowym na og\u00f3\u0142 twierdz\u0105, \u017ce nic si\u0119 nie sta\u0142o. T\u0142umaczenie takie jak: \u201ezaparkowa\u0142em tu bo by\u0142o bli\u017cej\u201d, \u201eprzekroczy\u0142em szybko\u015b\u0107, bo mi si\u0119 spieszy\u0142o\u201d, \u201eprzejecha\u0142em skrzy\u017cowanie na czerwonym \u015bwietle, bo droga by\u0142a pusta\u201d s\u0105 nagminne. Przykre jest tylko to, \u017ce w mediach nie kierowcy przekraczaj\u0105cy szybko\u015b\u0107 s\u0105 napi\u0119tnowani, lecz s\u0142u\u017cby porz\u0105dkowe stosuj\u0105ce kary za jej przekraczanie. <\/strong><\/p>\n<p><strong>Mo\u017ce wi\u0119c zlikwidowa\u0107 wszelkie ograniczenia szybko\u015bci ???<\/strong><br \/>\n<strong>A mo\u017ce tak zlikwidowa\u0107 kodeks drogowy ??? <\/strong><br \/>\n<strong>Nie b\u0119dzie \u017c\u0105dnych zakaz\u00f3w i nakaz\u00f3w, pe\u0142na <\/strong><strong>WOLNO\u015a\u0106<\/strong><strong>. Ka\u017cdy jedzie jak mu wygodniej, oboj\u0119tnie praw\u0105 czy lew\u0105 stron\u0105 jezdni, parkuje gdzie chce a sprawy sporne rozwi\u0105zuje w spos\u00f3b \u201ekto mocniejszy\u201d. <\/strong><\/p>\n<p style=\"text-align: justify;\"><strong>Ale czy o to nam chodzi, co wtedy b\u0119dzie ? Strach si\u0119 rozp\u0119dzi\u0107 bo nie wiadomo kto tym samym pasem jedzie z naprzeciwka, strach przejecha\u0107 przez skrzy\u017cowanie, strach przej\u015b\u0107 na drug\u0105 stron\u0119 jezdni, a w razie st\u0142uczki co, r\u0119koczyny ? <\/strong><\/p>\n<p style=\"text-align: justify;\">Jaka wtedy by\u0142aby ta wolno\u015b\u0107, jaka swoboda wyboru? Niby nieograniczona a jednak presja obaw wyklucza\u0142aby swobodny wyb\u00f3r sposobu poruszania si\u0119 po drogach, a wi\u0119c swobodny wyb\u00f3r szybszej jazdy, swobodny wyb\u00f3r przekroczenia skrzy\u017cowania. Wolno\u015b\u0107 w tym przypadku oznacza\u0142aby powolno\u015b\u0107. Kodeks drogowy nie zabiera wolno\u015bci, reguluje zasady poruszania si\u0119 po drogach, jasne i czytelne dla wszystkich.<\/p>\n<p style=\"text-align: justify;\">A przecie\u017c zawsze mo\u017cna dokona\u0107 wyboru z\u0142amania przepis\u00f3w, \u015bwiadomie ryzykuj\u0105c kary wyznaczone przez kodeks. Tylko w\u00f3wczas nale\u017cy mie\u0107 pretensje do siebie, a nie do s\u0142u\u017cb odpowiedzialnych za utrzymanie porz\u0105dku na drogach.<\/p>\n<p style=\"text-align: justify;\">Znajomo\u015b\u0107 zakaz\u00f3w i nakaz\u00f3w wyra\u017conych znakami drogowymi jest w\u015br\u00f3d kierowc\u00f3w na og\u00f3\u0142 dobra. Gorzej jednak przedstawia si\u0119 sprawa znajomo\u015bci tych, kt\u00f3re zawarte zosta\u0142y w kodeksie drogowym a nie s\u0105 okre\u015blone znakami.<\/p>\n<p>&nbsp;<\/p>\n<h1>Dla przypomnienia kilka z przepis\u00f3w zwi\u0105zanych z parkowaniem pojazd\u00f3w.<\/h1>\n<p><strong>\u00a0<\/strong><br \/>\n<strong>Art. 47 [Post\u00f3j na chodniku] <\/strong><br \/>\n<figure id=\"attachment_3907\" aria-describedby=\"caption-attachment-3907\" style=\"width: 360px\" class=\"wp-caption alignleft\"><a href=\"http:\/\/www.archiwum.sm.myslowice.pl\/wp-content\/uploads\/2011\/06\/foto6.jpg\"><img decoding=\"async\" loading=\"lazy\" class=\"size-full wp-image-3907 \" title=\"OLYMPUS DIGITAL CAMERA\" src=\"http:\/\/www.archiwum.sm.myslowice.pl\/wp-content\/uploads\/2011\/06\/foto6.jpg\" alt=\"\" width=\"360\" height=\"270\" \/><\/a><figcaption id=\"caption-attachment-3907\" class=\"wp-caption-text\">Fot. Chodnik dla pieszych ?<\/figcaption><\/figure><br \/>\n<strong>1. <\/strong>Dopuszcza si\u0119 zatrzymanie lub post\u00f3j na chodniku ko\u0142ami jednego boku lub przedniej osi pojazdu samochodowego o dopuszczalnej masie ca\u0142kowitej nieprzekraczaj\u0105cej 2,5 t, pod warunkiem \u017ce:<\/p>\n<p style=\"padding-left: 30px;\">1)\u00a0 na danym odcinku jezdni nie obowi\u0105zuje zakaz zatrzymania lub postoju;<\/p>\n<p style=\"padding-left: 30px;\">2)\u00a0 szeroko\u015b\u0107 chodnika pozostawionego dla pieszych jest taka, \u017ce nie utrudni im ruchu i jest nie mniejsza ni\u017c 1,5 m;<\/p>\n<p style=\"padding-left: 30px;\">3)\u00a0 pojazd umieszczony przedni\u0105 osi\u0105 na chodniku nie tamuje ruchu pojazd\u00f3w na jezdni.<\/p>\n<p><strong>2.<\/strong> Dopuszcza si\u0119, przy zachowaniu warunk\u00f3w okre\u015blonych w ust. 1 pkt 2, zatrzymanie lub post\u00f3j na chodniku przy kraw\u0119dzi jezdni ca\u0142ego samochodu osobowego, motocykla, motoroweru, roweru lub w\u00f3zka rowerowego. Inny pojazd o dopuszczalnej masie ca\u0142kowitej nieprzekraczaj\u0105cej 2,5 t mo\u017ce by\u0107 w ca\u0142o\u015bci umieszczony na chodniku tylko w miejscu wyznaczonym odpowiednimi znakami drogowymi.<br \/>\n&nbsp;<br \/>\n<figure id=\"attachment_3908\" aria-describedby=\"caption-attachment-3908\" style=\"width: 360px\" class=\"wp-caption alignright\"><a href=\"http:\/\/www.archiwum.sm.myslowice.pl\/wp-content\/uploads\/2011\/06\/foto9.jpg\"><img decoding=\"async\" loading=\"lazy\" class=\"size-full wp-image-3908\" title=\"OLYMPUS DIGITAL CAMERA\" src=\"http:\/\/www.archiwum.sm.myslowice.pl\/wp-content\/uploads\/2011\/06\/foto9.jpg\" alt=\"\" width=\"360\" height=\"270\" \/><\/a><figcaption id=\"caption-attachment-3908\" class=\"wp-caption-text\">Fot. Pieszy da sobie rad\u0119<\/figcaption><\/figure><br \/>\n<strong>1. Zabrania si\u0119 zatrzymania pojazdu:<\/strong><\/p>\n<p style=\"padding-left: 30px;\">\u00a01)\u00a0 na przeje\u017adzie kolejowym, na przeje\u017adzie tramwajowym, na skrzy\u017cowaniu oraz w\u00a0 odleg\u0142o\u015bci mniejszej ni\u017c 10 m od przejazdu lub skrzy\u017cowania;<\/p>\n<p style=\"padding-left: 30px;\">\u00a02)\u00a0 na przej\u015bciu dla pieszych, na przeje\u017adzie dla rowerzyst\u00f3w oraz w odleg\u0142o\u015bci mniejszej ni\u017c 10 m przed tym przej\u015bciem lub przejazdem; na drodze dwukierunkowej o dw\u00f3ch pasach ruchu zakaz ten obowi\u0105zuje tak\u017ce za tym przej\u015bciem lub przejazdem;<\/p>\n<p style=\"padding-left: 30px;\">\u00a03) \u00a0w tunelu, na mo\u015bcie lub na wiadukcie;<\/p>\n<p style=\"padding-left: 30px;\">\u00a04)\u00a0 na jezdni wzd\u0142u\u017c linii ci\u0105g\u0142ej oraz w pobli\u017cu jej punkt\u00f3w kra\u0144cowych, je\u017celi zmusi\u0142oby to innych kieruj\u0105cych pojazdami wielo\u015bladowymi do naje\u017cd\u017cania na t\u0119 lini\u0119;<\/p>\n<p style=\"padding-left: 30px;\">\u00a05)\u00a0 na jezdni obok linii przerywanej wyznaczaj\u0105cej kraw\u0119d\u017a jezdni oraz na jezdni i na poboczu obok linii ci\u0105g\u0142ej wyznaczaj\u0105cej kraw\u0119d\u017a jezdni;<\/p>\n<p style=\"padding-left: 30px;\">\u00a06)\u00a0 w odleg\u0142o\u015bci mniejszej ni\u017c 10 m od przedniej strony znaku lub sygna\u0142u drogowego, je\u017celi zosta\u0142yby one zas\u0142oni\u0119te przez pojazd;<\/p>\n<p style=\"padding-left: 30px;\">\u00a07)\u00a0 na jezdni przy jej lewej kraw\u0119dzi, z wyj\u0105tkiem zatrzymania lub postoju pojazdu na obszarze zabudowanym na drodze jednokierunkowej lub na jezdni dwukierunkowej o ma\u0142ym ruchu;<\/p>\n<p style=\"padding-left: 30px;\">\u00a08)\u00a0 na pasie mi\u0119dzy jezdniami;<\/p>\n<p style=\"padding-left: 30px;\">\u00a09)\u00a0 w odleg\u0142o\u015bci mniejszej ni\u017c 15 m od s\u0142upka lub tablicy oznaczaj\u0105cej przystanek, a na przystanku z zatok\u0105 &#8211; na ca\u0142ej jej d\u0142ugo\u015bci;<\/p>\n<p style=\"padding-left: 30px;\">\u00a010)\u00a0 w odleg\u0142o\u015bci mniejszej ni\u017c 15 m od punkt\u00f3w kra\u0144cowych wysepki, je\u017celi jezdnia z prawej jej strony ma tylko jeden pas ruchu;<\/p>\n<p style=\"padding-left: 30px;\">\u00a011)\u00a0 na drodze dla rower\u00f3w, pasie ruchu dla rower\u00f3w oraz w \u015bluzie rowerowej, z wyj\u0105tkiem roweru.<\/p>\n<p><figure id=\"attachment_3909\" aria-describedby=\"caption-attachment-3909\" style=\"width: 360px\" class=\"wp-caption alignleft\"><a href=\"http:\/\/www.archiwum.sm.myslowice.pl\/wp-content\/uploads\/2011\/06\/foto33.jpg\"><img decoding=\"async\" loading=\"lazy\" class=\"size-full wp-image-3909\" title=\"OLYMPUS DIGITAL CAMERA\" src=\"http:\/\/www.archiwum.sm.myslowice.pl\/wp-content\/uploads\/2011\/06\/foto33.jpg\" alt=\"\" width=\"360\" height=\"270\" \/><\/a><figcaption id=\"caption-attachment-3909\" class=\"wp-caption-text\">Fot. Jak najbli\u017cej wej\u015bcia<\/figcaption><\/figure><br \/>\n&nbsp;<br \/>\n<strong>2. Zabrania si\u0119 postoju:<\/strong><\/p>\n<p style=\"padding-left: 30px;\">\u00a01)\u00a0 w miejscu utrudniaj\u0105cym wjazd lub wyjazd, w szczeg\u00f3lno\u015bci do i z bramy, gara\u017cu, parkingu lub wn\u0119ki postojowej;<\/p>\n<p style=\"padding-left: 30px;\">\u00a02)\u00a0 w miejscu utrudniaj\u0105cym dost\u0119p do innego prawid\u0142owo zaparkowanego pojazdu lub wyjazd tego pojazdu;<\/p>\n<p style=\"padding-left: 30px;\">\u00a03)\u00a0 przed i za przejazdem kolejowym, po obu stronach drogi, na odcinku od przejazdu kolejowego do s\u0142upka wska\u017anikowego z jedn\u0105 kresk\u0105;<\/p>\n<p style=\"padding-left: 30px;\">\u00a04)\u00a0 w strefie zamieszkania w innym miejscu ni\u017c wyznaczone w tym celu;<\/p>\n<p style=\"padding-left: 30px;\">\u00a05)\u00a0 na obszarze zabudowanym, pojazdu lub zespo\u0142u pojazd\u00f3w o dopuszczalnej masie ca\u0142kowitej przekraczaj\u0105cej 16 t lub o d\u0142ugo\u015bci przekraczaj\u0105cej 12 m, poza wyznaczonymi w tym celu parkingami.<\/p>\n<p>&nbsp;<br \/>\n<strong>3. Zabrania si\u0119<\/strong> zatrzymania lub postoju pojazdu na autostradzie lub drodze ekspresowej w innym miejscu ni\u017c wyznaczone w tym celu. Je\u017celi unieruchomienie pojazdu nast\u0105pi\u0142o z przyczyn technicznych, kieruj\u0105cy pojazdem jest obowi\u0105zany usun\u0105\u0107 pojazd z jezdni oraz ostrzec innych uczestnik\u00f3w ruchu.<br \/>\n<strong>4. Zakaz zatrzymania lub postoju<\/strong> pojazdu nie dotyczy unieruchomienia pojazdu wynikaj\u0105cego z warunk\u00f3w lub przepis\u00f3w ruchu drogowego.<br \/>\n<a href=\"http:\/\/www.archiwum.sm.myslowice.pl\/wp-content\/uploads\/2011\/06\/kodeks.png\"><img decoding=\"async\" loading=\"lazy\" class=\"aligncenter size-full wp-image-3911\" title=\"kodeks\" src=\"http:\/\/www.archiwum.sm.myslowice.pl\/wp-content\/uploads\/2011\/06\/kodeks.png\" alt=\"\" width=\"180\" height=\"260\" \/><\/a><\/p>\n<h3 style=\"text-align: center;\"><span style=\"color: #888888;\"><strong>CZASAMI WARTO ZAJRZE\u0106<\/strong><\/span><\/h3>\n","protected":false},"excerpt":{"rendered":"<p>Kierowcy niestosuj\u0105cy si\u0119 do regu\u0142 zapisanych w Prawie o ruchu drogowym na og\u00f3\u0142 twierdz\u0105, \u017ce nic si\u0119 nie sta\u0142o. T\u0142umaczenie takie jak: \u201ezaparkowa\u0142em tu bo by\u0142o bli\u017cej\u201d, \u201eprzekroczy\u0142em szybko\u015b\u0107, bo mi si\u0119 spieszy\u0142o\u201d, \u201eprzejecha\u0142em skrzy\u017cowanie na czerwonym \u015bwietle, bo droga by\u0142a pusta\u201d s\u0105 nagminne. Przykre jest tylko to, \u017ce w mediach nie kierowcy przekraczaj\u0105cy szybko\u015b\u0107 [&hellip;]<\/p>\n","protected":false},"author":1,"featured_media":0,"parent":185,"menu_order":0,"comment_status":"closed","ping_status":"closed","template":"onecolumn-page.php","meta":[],"_links":{"self":[{"href":"https:\/\/archiwum.sm.myslowice.pl\/index.php?rest_route=\/wp\/v2\/pages\/189"}],"collection":[{"href":"https:\/\/archiwum.sm.myslowice.pl\/index.php?rest_route=\/wp\/v2\/pages"}],"about":[{"href":"https:\/\/archiwum.sm.myslowice.pl\/index.php?rest_route=\/wp\/v2\/types\/page"}],"author":[{"embeddable":true,"href":"https:\/\/archiwum.sm.myslowice.pl\/index.php?rest_route=\/wp\/v2\/users\/1"}],"replies":[{"embeddable":true,"href":"https:\/\/archiwum.sm.myslowice.pl\/index.php?rest_route=%2Fwp%2Fv2%2Fcomments&post=189"}],"version-history":[{"count":0,"href":"https:\/\/archiwum.sm.myslowice.pl\/index.php?rest_route=\/wp\/v2\/pages\/189\/revisions"}],"up":[{"embeddable":true,"href":"https:\/\/archiwum.sm.myslowice.pl\/index.php?rest_route=\/wp\/v2\/pages\/185"}],"wp:attachment":[{"href":"https:\/\/archiwum.sm.myslowice.pl\/index.php?rest_route=%2Fwp%2Fv2%2Fmedia&parent=189"}],"curies":[{"name":"wp","href":"https:\/\/api.w.org\/{rel}","templated":true}]}}