{"id":17,"date":"2011-06-12T22:19:46","date_gmt":"2011-06-12T22:19:46","guid":{"rendered":"http:\/\/www.sm.myslowice.pl\/?page_id=17"},"modified":"2011-06-12T22:19:46","modified_gmt":"2011-06-12T22:19:46","slug":"kierownictwo","status":"publish","type":"page","link":"https:\/\/archiwum.sm.myslowice.pl\/?page_id=17","title":{"rendered":"STRUKTURA"},"content":{"rendered":"<p>Od 01.07.2011 r. Stra\u017c Miejska w Mys\u0142owicach posiada status jednostki organizacyjnej. Szczeg\u00f3\u0142ow\u0105 struktur\u0119 organizacyjn\u0105 stra\u017cy okre\u015bla regulamin Stra\u017cy Miejskiej<br \/>\nStra\u017c\u0105 kieruje Komendant\u00a0 powo\u0142ywany i odwo\u0142ywany przez Prezydenta Miasta po\u00a0zasi\u0119gni\u0119ciu opinii Komendanta wojew\u00f3dzkiego Policji w Katowicach. Prze\u0142o\u017conym Komendanta jest Prezydent Miasta Mys\u0142owice<br \/>\n&nbsp;<br \/>\n<figure style=\"width: 129px\" class=\"wp-caption aligncenter\"><img decoding=\"async\" loading=\"lazy\" src=\"http:\/\/www.archiwum.sm.myslowice.pl\/img\/plaza.jpg\" alt=\"Komendant Stra\u017cy Miejskiej Ginter P\u0142aza\" width=\"129\" height=\"171\" \/><figcaption class=\"wp-caption-text\">Komendant Stra\u017cy Miejskiej w Mys\u0142owicach &#8211; mgr Ginter P\u0142aza<\/figcaption><\/figure><br \/>\n&nbsp;<\/p>\n<p style=\"text-align: center;\"><strong><span style=\"font-size: large;\">Komendantowi <\/span><\/strong><strong><span style=\"font-size: large;\">w wype\u0142nianiu obowi\u0105zk\u00f3w\u00a0 pomaga jego zast\u0119pca Pani Magdalena Kawka-Nowatkowska.<\/span><\/strong><\/p>\n<p><strong><span style=\"font-size: large;\">\u00a0<\/span><\/strong><br \/>\n&nbsp;<br \/>\n<a href=\"http:\/\/www.archiwum.sm.myslowice.pl\/wp-content\/uploads\/magda.jpg\"><img decoding=\"async\" loading=\"lazy\" class=\"wp-image-14368 size-thumbnail aligncenter\" src=\"http:\/\/www.archiwum.sm.myslowice.pl\/wp-content\/uploads\/magda-150x150.jpg\" alt=\"\" width=\"150\" height=\"150\" \/><\/a><br \/>\n&nbsp;<br \/>\nNadz\u00f3r nad dzia\u0142alno\u015bci\u0105 stra\u017cy sprawuje Prezydent. W zakresie wykonywania uprawnie\u0144, o kt\u00f3rych mowa w art. 12, u\u017cycia broni palnej bojowej, \u015brodk\u00f3w przymusu bezpo\u015bredniego oraz ewidencji, o kt\u00f3rej mowa w art. 9a ust. 1 ustawy o stra\u017cach gminnych, nadz\u00f3r sprawuje wojewoda przy pomocy komendanta wojew\u00f3dzkiego Policji.<\/p>\n<hr \/>\n<h2>Dystynkcje s\u0142u\u017cbowe stra\u017cnik\u00f3w<\/h2>\n<p>Poni\u017cej przedstawione s\u0105 wzory dystynkcji s\u0142u\u017cbowych stra\u017cnik\u00f3w miejskich &#8211; od najwy\u017cszego stopnia do najni\u017cszego &#8211; wraz z nazwami stopni.<br \/>\n<img decoding=\"async\" class=\"aligncenter\" src=\"http:\/\/www.archiwum.sm.myslowice.pl\/img\/stopnie.png\" alt=\"Stopnie w Stra\u017cy Miejskiej\" \/><br \/>\n&nbsp;<\/p>\n<hr \/>\n<h2>Regulamin organizacyjny Stra\u017cy Miejskiej Mys\u0142owice<\/h2>\n<p><span style=\"color: #0000ff;\"><a href=\"http:\/\/www.archiwum.sm.myslowice.pl\/wp-content\/uploads\/2018\/03\/Regulamin-Organizacyjny-SM-Mys\u0142owice.pdf\"><span style=\"color: #0000ff;\">UCHWA\u0141A NR XLI\/631\/17 RADY MIASTA MYS\u0141OWICE<\/span><\/a><\/span><br \/>\n&nbsp;<br \/>\n&nbsp;<\/p>\n","protected":false},"excerpt":{"rendered":"<p>Od 01.07.2011 r. Stra\u017c Miejska w Mys\u0142owicach posiada status jednostki organizacyjnej. Szczeg\u00f3\u0142ow\u0105 struktur\u0119 organizacyjn\u0105 stra\u017cy okre\u015bla regulamin Stra\u017cy Miejskiej Stra\u017c\u0105 kieruje Komendant\u00a0 powo\u0142ywany i odwo\u0142ywany przez Prezydenta Miasta po\u00a0zasi\u0119gni\u0119ciu opinii Komendanta wojew\u00f3dzkiego Policji w Katowicach. Prze\u0142o\u017conym Komendanta jest Prezydent Miasta Mys\u0142owice &nbsp; &nbsp; Komendantowi w wype\u0142nianiu obowi\u0105zk\u00f3w\u00a0 pomaga jego zast\u0119pca Pani Magdalena Kawka-Nowatkowska. \u00a0 &nbsp; [&hellip;]<\/p>\n","protected":false},"author":1,"featured_media":0,"parent":8,"menu_order":0,"comment_status":"closed","ping_status":"closed","template":"onecolumn-page.php","meta":[],"_links":{"self":[{"href":"https:\/\/archiwum.sm.myslowice.pl\/index.php?rest_route=\/wp\/v2\/pages\/17"}],"collection":[{"href":"https:\/\/archiwum.sm.myslowice.pl\/index.php?rest_route=\/wp\/v2\/pages"}],"about":[{"href":"https:\/\/archiwum.sm.myslowice.pl\/index.php?rest_route=\/wp\/v2\/types\/page"}],"author":[{"embeddable":true,"href":"https:\/\/archiwum.sm.myslowice.pl\/index.php?rest_route=\/wp\/v2\/users\/1"}],"replies":[{"embeddable":true,"href":"https:\/\/archiwum.sm.myslowice.pl\/index.php?rest_route=%2Fwp%2Fv2%2Fcomments&post=17"}],"version-history":[{"count":0,"href":"https:\/\/archiwum.sm.myslowice.pl\/index.php?rest_route=\/wp\/v2\/pages\/17\/revisions"}],"up":[{"embeddable":true,"href":"https:\/\/archiwum.sm.myslowice.pl\/index.php?rest_route=\/wp\/v2\/pages\/8"}],"wp:attachment":[{"href":"https:\/\/archiwum.sm.myslowice.pl\/index.php?rest_route=%2Fwp%2Fv2%2Fmedia&parent=17"}],"curies":[{"name":"wp","href":"https:\/\/api.w.org\/{rel}","templated":true}]}}