{"id":13679,"date":"2018-02-13T10:18:24","date_gmt":"2018-02-13T09:18:24","guid":{"rendered":"http:\/\/www.sm.myslowice.pl\/?page_id=13679"},"modified":"2018-02-13T10:18:24","modified_gmt":"2018-02-13T09:18:24","slug":"lipiec-2017","status":"publish","type":"page","link":"https:\/\/archiwum.sm.myslowice.pl\/?page_id=13679","title":{"rendered":"Lipiec 2017"},"content":{"rendered":"<p>Poni\u017cej prezentujemy sprawozdanie z dzia\u0142alno\u015bci Stra\u017cy Miejskiej Mys\u0142owice za VII 2017<br \/>\n<a href=\"http:\/\/www.archiwum.sm.myslowice.pl\/wp-content\/uploads\/2018\/02\/spr.-LIPIEC-2017.pdf\">Sprawozdanie LIPIEC 2017<\/a><\/p>\n","protected":false},"excerpt":{"rendered":"<p>Poni\u017cej prezentujemy sprawozdanie z dzia\u0142alno\u015bci Stra\u017cy Miejskiej Mys\u0142owice za VII 2017 Sprawozdanie LIPIEC 2017<\/p>\n","protected":false},"author":1,"featured_media":0,"parent":12867,"menu_order":0,"comment_status":"closed","ping_status":"closed","template":"","meta":[],"_links":{"self":[{"href":"https:\/\/archiwum.sm.myslowice.pl\/index.php?rest_route=\/wp\/v2\/pages\/13679"}],"collection":[{"href":"https:\/\/archiwum.sm.myslowice.pl\/index.php?rest_route=\/wp\/v2\/pages"}],"about":[{"href":"https:\/\/archiwum.sm.myslowice.pl\/index.php?rest_route=\/wp\/v2\/types\/page"}],"author":[{"embeddable":true,"href":"https:\/\/archiwum.sm.myslowice.pl\/index.php?rest_route=\/wp\/v2\/users\/1"}],"replies":[{"embeddable":true,"href":"https:\/\/archiwum.sm.myslowice.pl\/index.php?rest_route=%2Fwp%2Fv2%2Fcomments&post=13679"}],"version-history":[{"count":0,"href":"https:\/\/archiwum.sm.myslowice.pl\/index.php?rest_route=\/wp\/v2\/pages\/13679\/revisions"}],"up":[{"embeddable":true,"href":"https:\/\/archiwum.sm.myslowice.pl\/index.php?rest_route=\/wp\/v2\/pages\/12867"}],"wp:attachment":[{"href":"https:\/\/archiwum.sm.myslowice.pl\/index.php?rest_route=%2Fwp%2Fv2%2Fmedia&parent=13679"}],"curies":[{"name":"wp","href":"https:\/\/api.w.org\/{rel}","templated":true}]}}