{"id":13636,"date":"2018-02-01T09:20:51","date_gmt":"2018-02-01T08:20:51","guid":{"rendered":"http:\/\/www.sm.myslowice.pl\/?page_id=13636"},"modified":"2018-02-01T09:20:51","modified_gmt":"2018-02-01T08:20:51","slug":"profilaktyka-styczen-2018","status":"publish","type":"page","link":"https:\/\/archiwum.sm.myslowice.pl\/?page_id=13636","title":{"rendered":"Profilaktyka &#8211; Stycze\u0144 2018"},"content":{"rendered":"<p>W miesi\u0105cu styczniu Stra\u017c Miejska Mys\u0142owice przeprowadzi\u0142a nast\u0119puj\u0105ce prelekcje:<br \/>\nPRZEDSZKOLA:<\/p>\n<p align=\"justify\">&#8211; 03.01.2018 r. Przedszkole &#8222;Cudaczek&#8221; &#8211; program &#8222;Autochodzik&#8221; (obj\u0119to profilaktyk\u0105 30 dzieci),<br \/>\n&#8211; 04.01.2018 r. Akademia Szkolno-Przedszkolna Skrzat &#8211; program &#8222;Autochodzik&#8221; (obj\u0119to profilaktyk\u0105 40 dzieci &#8211; dwie grupy),<br \/>\n&#8211; 04.01.2018 r. Przedszkole nr 9 &#8211; program &#8222;Autochodzik&#8221; (obj\u0119to profilaktyk\u0105 40 dzieci &#8211; dwie grupy),<br \/>\n&#8211; 05.01.2018 r. Przedszkole nr 20 &#8211; program &#8222;Przyjaciel Rex&#8221; (obj\u0119to profilaktyk\u0105 55 dzieci &#8211; trzy grupy),<br \/>\n&#8211; 05.01.2018 r. Akademia Szkolno-Przedszkolna Skrzat &#8211; program &#8222;Przyjaciel Rex&#8221; (obj\u0119to profilaktyk\u0105 50 dzieci &#8211; trzy grupy),<br \/>\n&#8211; 15.01.2018 r. Przedszkole Integracyjne &#8211; program &#8222;Autochodzik&#8221; (obj\u0119to profilaktyk\u0105 19 dzieci),<br \/>\n&#8211; 16.01.2018 r. Przedszkole nr 1 &#8211; program &#8222;Autochodzik&#8221; (obj\u0119to profilaktyk\u0105 50 dzieci &#8211; dwie grupy),<br \/>\n&#8211; 16.01.2018 r. Przedszkole nr 10 &#8211; program &#8222;Autochodzik&#8221; (obj\u0119to profilaktyk\u0105 75 dzieci &#8211; trzy grupy),<br \/>\n&#8211; 17.01.2018 r. Przedszkole nr 3 &#8211; program &#8222;Autochodzik&#8221; (obj\u0119to profilaktyk\u0105 25 dzieci),<br \/>\n&#8211; 17.01.2018 r. Przedszkole nr 13 &#8211; program &#8222;Autochodzik&#8221; (obj\u0119to profilaktyk\u0105 75 dzieci &#8211; trzy grupy),<br \/>\n&#8211; 18.01.2018 r. Zesp\u00f3\u0142 Szkolno-Przedszkolny (Przedszkole nr 17 ) &#8211; program &#8222;Autochodzik&#8221; (obj\u0119to profilaktyk\u0105 33 dzieci),<br \/>\n&#8211; 18.01.2018 r. Przedszkole nr 15 &#8211; program &#8222;Autochodzik&#8221; (obj\u0119to profilaktyk\u0105 25 dzieci),<br \/>\n&#8211; 19.01.2018 r. Przedszkole nr 8 &#8211; program &#8222;Autochodzik&#8221; (obj\u0119to profilaktyk\u0105 100 dzieci),<\/p>\n<p>DORO\u015aLI:<br \/>\nW miesi\u0105cu styczniu rzeczy zebrane przez pracownik\u00f3w Lecznicy Weterynaryjnej &#8222;Pa\u0144ska G\u00f3ra&#8221; oraz cz\u0142onk\u00f3w Zwi\u0105zku G\u00f3rno\u015bl\u0105zak\u00f3w ko\u0142o Brzezinka przekazano mieszka\u0144com domu samotnej matki, kobietom przebywaj\u0105cym w mieszkaniu dla os\u00f3b bezdomnych, ubo\u017cszym mieszka\u0144com dzielnicy Stare Miasto. Ponadto przeprowadzono kontrol\u0119 pustostan\u00f3w wraz z cz\u0142onkami grupy K9 Grupy Poszukiwawczo-Ratowniczej D\u0105br\u00f3wka Ma\u0142a (ujawniono 2 osoby)<br \/>\n<b>Programami profilaktycznymi w miesi\u0105cu styczniu obj\u0119to 657 os\u00f3b, w tym 617 dzieci i 40 doros\u0142ych.<\/b><\/p>\n","protected":false},"excerpt":{"rendered":"<p>W miesi\u0105cu styczniu Stra\u017c Miejska Mys\u0142owice przeprowadzi\u0142a nast\u0119puj\u0105ce prelekcje: PRZEDSZKOLA: &#8211; 03.01.2018 r. Przedszkole &#8222;Cudaczek&#8221; &#8211; program &#8222;Autochodzik&#8221; (obj\u0119to profilaktyk\u0105 30 dzieci), &#8211; 04.01.2018 r. Akademia Szkolno-Przedszkolna Skrzat &#8211; program &#8222;Autochodzik&#8221; (obj\u0119to profilaktyk\u0105 40 dzieci &#8211; dwie grupy), &#8211; 04.01.2018 r. Przedszkole nr 9 &#8211; program &#8222;Autochodzik&#8221; (obj\u0119to profilaktyk\u0105 40 dzieci &#8211; dwie grupy), &#8211; [&hellip;]<\/p>\n","protected":false},"author":1,"featured_media":0,"parent":0,"menu_order":0,"comment_status":"closed","ping_status":"closed","template":"","meta":[],"_links":{"self":[{"href":"https:\/\/archiwum.sm.myslowice.pl\/index.php?rest_route=\/wp\/v2\/pages\/13636"}],"collection":[{"href":"https:\/\/archiwum.sm.myslowice.pl\/index.php?rest_route=\/wp\/v2\/pages"}],"about":[{"href":"https:\/\/archiwum.sm.myslowice.pl\/index.php?rest_route=\/wp\/v2\/types\/page"}],"author":[{"embeddable":true,"href":"https:\/\/archiwum.sm.myslowice.pl\/index.php?rest_route=\/wp\/v2\/users\/1"}],"replies":[{"embeddable":true,"href":"https:\/\/archiwum.sm.myslowice.pl\/index.php?rest_route=%2Fwp%2Fv2%2Fcomments&post=13636"}],"version-history":[{"count":0,"href":"https:\/\/archiwum.sm.myslowice.pl\/index.php?rest_route=\/wp\/v2\/pages\/13636\/revisions"}],"wp:attachment":[{"href":"https:\/\/archiwum.sm.myslowice.pl\/index.php?rest_route=%2Fwp%2Fv2%2Fmedia&parent=13636"}],"curies":[{"name":"wp","href":"https:\/\/api.w.org\/{rel}","templated":true}]}}