{"id":12640,"date":"2017-05-23T11:15:12","date_gmt":"2017-05-23T10:15:12","guid":{"rendered":"http:\/\/www.sm.myslowice.pl\/?page_id=12640"},"modified":"2017-05-23T11:15:12","modified_gmt":"2017-05-23T10:15:12","slug":"smog","status":"publish","type":"page","link":"https:\/\/archiwum.sm.myslowice.pl\/?page_id=12640","title":{"rendered":"SPALANIE ODPAD\u00d3W"},"content":{"rendered":"<p class=\"western\" align=\"center\"><span style=\"font-family: Arial, sans-serif;\"><span style=\"font-size: medium;\"><i><b>S\u0142owo SMOG odmieniane by\u0142o, jest i b\u0119dzie we wszystkich przypadkach. Jest to mieszanka wilgotnego powietrza z dymem, a powstaje poprzez skumulowanie si\u0119 znacznej ilo\u015bci zanieczyszcze\u0144 na niewielkim obszarze. St\u0119\u017cenie zale\u017cne jest od warunk\u00f3w atmosferycznych, pory roku oraz ukszta\u0142towania terenu.<\/b><\/i><\/span><\/span><\/p>\n<p class=\"western\"><span style=\"font-family: Arial, sans-serif;\">Jedn\u0105 z g\u0142\u00f3wnych przyczyn okresowego pogarszania si\u0119 powietrza jest spalanie \u015bmieci w przydomowych paleniskach. Przy spalaniu odpad\u00f3w w niskich temperaturach \u2013 a takie panuj\u0105 w przydomowych piecach \u2013 do atmosfery wydobywa si\u0119 nieoczyszczony dym, zawieraj\u0105cy r\u00f3\u017cnego rodzaju szkodliwe substancje. Ponadto spalanie \u015bmieci powoduje osadzanie si\u0119 w kominie mokrej, szklistej sadzy, kt\u00f3ra nie tylko go niszczy, ale mo\u017ce by\u0107 przyczyn\u0105 zapalenia si\u0119 jej w przewodzie kominowym. <\/span><\/p>\n<p class=\"western\"><span style=\"font-family: Arial, sans-serif;\">Inn\u0105 przyczyn\u0105 nadmiernego wydzielania si\u0119 spalin s\u0105 stare piece grzewcze. Wys\u0142u\u017cone kot\u0142y grzewcze nie nale\u017c\u0105 ani do ekologicznych ani bezpiecznych, gdy\u017c nie spe\u0142niaj\u0105 \u017cadnych europejskich standard\u00f3w. W wielu przypadkach s\u0105 te\u017c nieprawid\u0142owo u\u017cywane, gdy\u017c ich konstrukcja pozwala na spalanie dos\u0142ownie wszystkiego. Rozwi\u0105zaniem, kt\u00f3re pozwoli wyeliminowa\u0107 zagro\u017cenie i zminimalizuje powszechne zatruwanie ca\u0142ego \u015brodowiska, jest wymiana starych urz\u0105dze\u0144 na nowe. Wykorzystanie nowych technologii sprawia, \u017ce kot\u0142y s\u0105 nie tylko bezpieczniejsze, ale przede wszystkim bardziej ekonomiczne. <\/span><\/p>\n<p class=\"western\" align=\"justify\"><span style=\"font-family: Arial, sans-serif;\">Co jaki\u015b czas na stronie <\/span><span style=\"font-family: Arial, sans-serif;\">Wojew\u00f3dzkiego Inspektoratu Ochrony \u015arodowiska w Katowicach pojawiaj\u0105 si\u0119 komunikaty o ryzyku wyst\u0105pienia przekroczenia poziomu alarmowego dla py\u0142u zawieszonego PM10 w powietrzu, takie jak zamieszczone poni\u017cej.<\/span><\/p>\n<p class=\"western\" align=\"justify\"><a href=\"http:\/\/www.archiwum.sm.myslowice.pl\/wp-content\/uploads\/2017\/05\/dasdasd.jpg\"><img decoding=\"async\" loading=\"lazy\" class=\"alignleft wp-image-12671\" src=\"http:\/\/www.archiwum.sm.myslowice.pl\/wp-content\/uploads\/2017\/05\/dasdasd.jpg\" alt=\"\" width=\"441\" height=\"245\" \/><\/a><\/p>\n<p>Celem zminimalizowania zanieczyszczenia powietrza i doprowadzenia do tego, aby komunikat ten informowa\u0142 o poprawie powietrza, w dniu 7 kwietnia 2017 Sejmik \u015al\u0105ski przeg\u0142osowa\u0142 uchwa\u0142\u0119 \u201eantysmogow\u0105\u201d dla ca\u0142ego wojew\u00f3dztwa \u015bl\u0105skiego. Obowi\u0105zywa\u0107 b\u0119dzie od 1 wrze\u015bnia 2017 r. a wprowadza zasadnicze zmiany ?<br \/>\nW my\u015bl nowej uchwa\u0142y, nie\u00a0b\u0119dzie mo\u017cna stosowa\u0107 mi\u0119dzy innymi w\u0119gla brunatnego, mu\u0142\u00f3w i flotokoncentrat\u00f3w oraz biomasy sta\u0142ej o wilgotno\u015bci powy\u017cej 20 proc.\u00a0B\u0119dzie obowi\u0105zek wymiany kot\u0142\u00f3w c.o. w wojew\u00f3dztwie \u015bl\u0105skim. Za\u0142o\u017cono trzy daty graniczne ich zmiany,\u00a0w zale\u017cno\u015bci od d\u0142ugo\u015bci lat u\u017cytkowania.<br \/>\nPoni\u017cej tre\u015b\u0107 nowej Uchwa\u0142y Nr V\/361\/1\/2017 Sejmiku Wojew\u00f3dztwa \u015al\u0105skiego.<br \/>\n<a href=\"http:\/\/sejmik.slaskie.pl\/article_bip\/87348\">http:\/\/sejmik.slaskie.pl\/article_bip\/87348<\/a><br \/>\n<strong>Stra\u017c Miejska ostrzega, \u017ce w przypadku stwierdzenia spalania \u015bmieci w nieprzeznaczonych do tego instalacjach (kot\u0142y C.O., piece, ogniska) gro\u017c\u0105 sankcje karne wynikaj\u0105ce z art. 191 ustawy o odpadach. Grzywna mo\u017ce wynie\u015b\u0107 nawet 5 tys. z\u0142otych.<\/strong><br \/>\n&nbsp;<br \/>\n31.05.2017 r. Piotr Kurzac<\/p>\n","protected":false},"excerpt":{"rendered":"<p>S\u0142owo SMOG odmieniane by\u0142o, jest i b\u0119dzie we wszystkich przypadkach. Jest to mieszanka wilgotnego powietrza z dymem, a powstaje poprzez skumulowanie si\u0119 znacznej ilo\u015bci zanieczyszcze\u0144 na niewielkim obszarze. St\u0119\u017cenie zale\u017cne jest od warunk\u00f3w atmosferycznych, pory roku oraz ukszta\u0142towania terenu. Jedn\u0105 z g\u0142\u00f3wnych przyczyn okresowego pogarszania si\u0119 powietrza jest spalanie \u015bmieci w przydomowych paleniskach. Przy spalaniu [&hellip;]<\/p>\n","protected":false},"author":1,"featured_media":0,"parent":0,"menu_order":0,"comment_status":"closed","ping_status":"closed","template":"","meta":[],"_links":{"self":[{"href":"https:\/\/archiwum.sm.myslowice.pl\/index.php?rest_route=\/wp\/v2\/pages\/12640"}],"collection":[{"href":"https:\/\/archiwum.sm.myslowice.pl\/index.php?rest_route=\/wp\/v2\/pages"}],"about":[{"href":"https:\/\/archiwum.sm.myslowice.pl\/index.php?rest_route=\/wp\/v2\/types\/page"}],"author":[{"embeddable":true,"href":"https:\/\/archiwum.sm.myslowice.pl\/index.php?rest_route=\/wp\/v2\/users\/1"}],"replies":[{"embeddable":true,"href":"https:\/\/archiwum.sm.myslowice.pl\/index.php?rest_route=%2Fwp%2Fv2%2Fcomments&post=12640"}],"version-history":[{"count":0,"href":"https:\/\/archiwum.sm.myslowice.pl\/index.php?rest_route=\/wp\/v2\/pages\/12640\/revisions"}],"wp:attachment":[{"href":"https:\/\/archiwum.sm.myslowice.pl\/index.php?rest_route=%2Fwp%2Fv2%2Fmedia&parent=12640"}],"curies":[{"name":"wp","href":"https:\/\/api.w.org\/{rel}","templated":true}]}}